{"id":135,"date":"2020-02-12T12:16:49","date_gmt":"2020-02-12T11:16:49","guid":{"rendered":"http:\/\/hey-mum.de\/?page_id=135"},"modified":"2023-02-16T19:33:30","modified_gmt":"2023-02-16T18:33:30","slug":"ueber-uns","status":"publish","type":"page","link":"https:\/\/hey-mum.de\/en\/ueber-uns\/","title":{"rendered":"About Us"},"content":{"rendered":"<div data-elementor-type=\"wp-page\" data-elementor-id=\"135\" class=\"elementor elementor-135\">\n\t\t\t\t\t\t<section class=\"elementor-section elementor-top-section elementor-element elementor-element-5c5dc38 elementor-section-boxed elementor-section-height-default elementor-section-height-default\" data-id=\"5c5dc38\" data-element_type=\"section\" data-e-type=\"section\">\n\t\t\t\t\t\t<div class=\"elementor-container elementor-column-gap-default\">\n\t\t\t\t\t<div class=\"elementor-column elementor-col-100 elementor-top-column elementor-element elementor-element-90cd85d\" data-id=\"90cd85d\" data-element_type=\"column\" data-e-type=\"column\">\n\t\t\t<div class=\"elementor-widget-wrap elementor-element-populated\">\n\t\t\t\t\t\t<div class=\"elementor-element elementor-element-1b0c4ba elementor-widget elementor-widget-image\" data-id=\"1b0c4ba\" data-element_type=\"widget\" data-e-type=\"widget\" data-widget_type=\"image.default\">\n\t\t\t\t<div class=\"elementor-widget-container\">\n\t\t\t\t\t\t\t\t\t\t\t\t\t\t\t<img fetchpriority=\"high\" decoding=\"async\" width=\"300\" height=\"300\" src=\"https:\/\/hey-mum.de\/wp-content\/uploads\/2020\/06\/HM_Logo_RGB72dpi-300x300.png\" class=\"attachment-medium size-medium wp-image-647\" alt=\"\" srcset=\"https:\/\/hey-mum.de\/wp-content\/uploads\/2020\/06\/HM_Logo_RGB72dpi-300x300.png 300w, https:\/\/hey-mum.de\/wp-content\/uploads\/2020\/06\/HM_Logo_RGB72dpi-1024x1024.png 1024w, https:\/\/hey-mum.de\/wp-content\/uploads\/2020\/06\/HM_Logo_RGB72dpi-150x150.png 150w, https:\/\/hey-mum.de\/wp-content\/uploads\/2020\/06\/HM_Logo_RGB72dpi-768x768.png 768w, https:\/\/hey-mum.de\/wp-content\/uploads\/2020\/06\/HM_Logo_RGB72dpi.png 1200w\" sizes=\"(max-width: 300px) 100vw, 300px\" \/>\t\t\t\t\t\t\t\t\t\t\t\t\t\t\t<\/div>\n\t\t\t\t<\/div>\n\t\t\t\t\t<\/div>\n\t\t<\/div>\n\t\t\t\t\t<\/div>\n\t\t<\/section>\n\t\t\t\t<section class=\"elementor-section elementor-top-section elementor-element elementor-element-2b09afe elementor-section-boxed elementor-section-height-default elementor-section-height-default\" data-id=\"2b09afe\" data-element_type=\"section\" data-e-type=\"section\">\n\t\t\t\t\t\t<div class=\"elementor-container elementor-column-gap-default\">\n\t\t\t\t\t<div class=\"elementor-column elementor-col-100 elementor-top-column elementor-element elementor-element-4f1f51b\" data-id=\"4f1f51b\" data-element_type=\"column\" data-e-type=\"column\">\n\t\t\t<div class=\"elementor-widget-wrap elementor-element-populated\">\n\t\t\t\t\t\t<div class=\"elementor-element elementor-element-29c78a9 elementor-widget elementor-widget-spacer\" data-id=\"29c78a9\" data-element_type=\"widget\" data-e-type=\"widget\" data-widget_type=\"spacer.default\">\n\t\t\t\t<div class=\"elementor-widget-container\">\n\t\t\t\t\t\t\t<div class=\"elementor-spacer\">\n\t\t\t<div class=\"elementor-spacer-inner\"><\/div>\n\t\t<\/div>\n\t\t\t\t\t\t<\/div>\n\t\t\t\t<\/div>\n\t\t\t\t\t<\/div>\n\t\t<\/div>\n\t\t\t\t\t<\/div>\n\t\t<\/section>\n\t\t\t\t<section class=\"elementor-section elementor-top-section elementor-element elementor-element-df5ec0f elementor-section-boxed elementor-section-height-default elementor-section-height-default\" data-id=\"df5ec0f\" data-element_type=\"section\" data-e-type=\"section\">\n\t\t\t\t\t\t<div class=\"elementor-container elementor-column-gap-default\">\n\t\t\t\t\t<div class=\"elementor-column elementor-col-100 elementor-top-column elementor-element elementor-element-af0ce9a\" data-id=\"af0ce9a\" data-element_type=\"column\" data-e-type=\"column\">\n\t\t\t<div class=\"elementor-widget-wrap elementor-element-populated\">\n\t\t\t\t\t\t<div class=\"elementor-element elementor-element-26664dd elementor-widget elementor-widget-heading\" data-id=\"26664dd\" data-element_type=\"widget\" data-e-type=\"widget\" data-widget_type=\"heading.default\">\n\t\t\t\t<div class=\"elementor-widget-container\">\n\t\t\t\t\t<h1 class=\"elementor-heading-title elementor-size-default\">About Us<\/h1>\t\t\t\t<\/div>\n\t\t\t\t<\/div>\n\t\t\t\t\t<\/div>\n\t\t<\/div>\n\t\t\t\t\t<\/div>\n\t\t<\/section>\n\t\t\t\t<section class=\"elementor-section elementor-top-section elementor-element elementor-element-4dbfe56b elementor-section-content-middle elementor-section-boxed elementor-section-height-default elementor-section-height-default\" data-id=\"4dbfe56b\" data-element_type=\"section\" data-e-type=\"section\">\n\t\t\t\t\t\t<div class=\"elementor-container elementor-column-gap-no\">\n\t\t\t\t\t<div class=\"elementor-column elementor-col-100 elementor-top-column elementor-element elementor-element-361f1c14\" data-id=\"361f1c14\" data-element_type=\"column\" data-e-type=\"column\">\n\t\t\t<div class=\"elementor-widget-wrap elementor-element-populated\">\n\t\t\t\t\t\t<section class=\"elementor-section elementor-inner-section elementor-element elementor-element-61bb8871 elementor-section-boxed elementor-section-height-default elementor-section-height-default elementor-invisible\" data-id=\"61bb8871\" data-element_type=\"section\" data-e-type=\"section\" data-settings=\"{&quot;animation&quot;:&quot;fadeInUp&quot;}\">\n\t\t\t\t\t\t<div class=\"elementor-container elementor-column-gap-default\">\n\t\t\t\t\t<div class=\"elementor-column elementor-col-50 elementor-inner-column elementor-element elementor-element-402ecdc\" data-id=\"402ecdc\" data-element_type=\"column\" data-e-type=\"column\">\n\t\t\t<div class=\"elementor-widget-wrap elementor-element-populated\">\n\t\t\t\t\t\t<div class=\"elementor-element elementor-element-51c506fb elementor-widget elementor-widget-heading\" data-id=\"51c506fb\" data-element_type=\"widget\" data-e-type=\"widget\" data-widget_type=\"heading.default\">\n\t\t\t\t<div class=\"elementor-widget-container\">\n\t\t\t\t\t<h1 class=\"elementor-heading-title elementor-size-default\">Kirsten Gerst<\/h1>\t\t\t\t<\/div>\n\t\t\t\t<\/div>\n\t\t\t\t<div class=\"elementor-element elementor-element-3e5c662e elementor-widget elementor-widget-image\" data-id=\"3e5c662e\" data-element_type=\"widget\" data-e-type=\"widget\" data-widget_type=\"image.default\">\n\t\t\t\t<div class=\"elementor-widget-container\">\n\t\t\t\t\t\t\t\t\t\t\t\t\t\t\t<img decoding=\"async\" width=\"300\" height=\"300\" src=\"https:\/\/hey-mum.de\/wp-content\/uploads\/2020\/03\/kiki-pb-300x300.png\" class=\"attachment-medium size-medium wp-image-413\" alt=\"\" srcset=\"https:\/\/hey-mum.de\/wp-content\/uploads\/2020\/03\/kiki-pb-300x300.png 300w, https:\/\/hey-mum.de\/wp-content\/uploads\/2020\/03\/kiki-pb-150x150.png 150w, https:\/\/hey-mum.de\/wp-content\/uploads\/2020\/03\/kiki-pb.png 500w\" sizes=\"(max-width: 300px) 100vw, 300px\" \/>\t\t\t\t\t\t\t\t\t\t\t\t\t\t\t<\/div>\n\t\t\t\t<\/div>\n\t\t\t\t<div class=\"elementor-element elementor-element-2806e65c elementor-widget elementor-widget-text-editor\" data-id=\"2806e65c\" data-element_type=\"widget\" data-e-type=\"widget\" data-widget_type=\"text-editor.default\">\n\t\t\t\t<div class=\"elementor-widget-container\">\n\t\t\t\t\t\t\t\t\t<p>Hey, my name is Kirsten. I was born in 1980, am a mother of two girls, and currently reside in \nHamburg-Bergedorf.<\/p>\t\t\t\t\t\t\t\t<\/div>\n\t\t\t\t<\/div>\n\t\t\t\t<div class=\"elementor-element elementor-element-494b710b elementor-widget elementor-widget-toggle\" data-id=\"494b710b\" data-element_type=\"widget\" data-e-type=\"widget\" data-widget_type=\"toggle.default\">\n\t\t\t\t<div class=\"elementor-widget-container\">\n\t\t\t\t\t\t\t<div class=\"elementor-toggle\">\n\t\t\t\t\t\t\t<div class=\"elementor-toggle-item\">\n\t\t\t\t\t<div id=\"elementor-tab-title-1221\" class=\"elementor-tab-title\" data-tab=\"1\" role=\"button\" aria-controls=\"elementor-tab-content-1221\" aria-expanded=\"false\">\n\t\t\t\t\t\t\t\t\t\t\t\t<span class=\"elementor-toggle-icon elementor-toggle-icon-left\" aria-hidden=\"true\">\n\t\t\t\t\t\t\t\t\t\t\t\t\t\t\t<span class=\"elementor-toggle-icon-closed\"><i class=\"fas fa-caret-right\"><\/i><\/span>\n\t\t\t\t\t\t\t\t<span class=\"elementor-toggle-icon-opened\"><i class=\"elementor-toggle-icon-opened fas fa-caret-up\"><\/i><\/span>\n\t\t\t\t\t\t\t\t\t\t\t\t\t<\/span>\n\t\t\t\t\t\t\t\t\t\t\t\t<a class=\"elementor-toggle-title\" tabindex=\"0\">Continue Reading<\/a>\n\t\t\t\t\t<\/div>\n\n\t\t\t\t\t<div id=\"elementor-tab-content-1221\" class=\"elementor-tab-content elementor-clearfix\" data-tab=\"1\" role=\"region\" aria-labelledby=\"elementor-tab-title-1221\"><p align=\"justify\">In August 2020, I completed my training as a certified maternal nurse (M\u00fctterpflegerin) and doula with Prof. Dr. Med. G. Weckmann in Hamburg. During my training I worked with several families and gained a great deal of practical experience.<br>After studying media culture at the University of Hamburg, I worked in the advertising industry for a number of years. Though some time ago, I developed the desire for a career change. I was seeking a career path that was better suited for my personal strengths and met my individual need for social justice. I wanted to do something meaningful that would not only fill my heart with joy but add these core values to others in the process. In the profession of maternity nursing I have found just that! I learned from personal experience how important support to mothers is during crucial times of birth, especially the time after giving birth. Having two children of my own has also heightened my knowledge and experience. The birth of my daughters changed my life for the better and I will never forget those first few weeks. It was an uncertain world filled with both happiness and fear. The fear of making a mistake or doing something detrimental to the child\u2019s well-being. Growing into the role of motherhood requires strength and stamina. Eliminating concerns and fears of the mother is of utmost importance. This makes it easier for everyone in the family!<\/p>\n<hr>\n<p>Trainings<em>:<\/em><\/p>\n<p>10\/2020 &#8211; 06\/2021&nbsp;<span style=\"font-size: 15px; font-style: normal; font-weight: 500; font-family: var( --e-global-typography-text-font-family ), Sans-serif;\">\u2013 Training and certification as a breastfeeding consultant (EISL&nbsp;<\/span><span style=\"font-size: 15px; font-style: normal; font-weight: 500; font-family: var( --e-global-typography-text-font-family ), Sans-serif;\">\u2013 stillen-institut.com)<\/span><\/p>\n<p>02\/2020 \u2013 Training as a pelvic floor course instructor<\/p>\n<p>09\/2019 \u2013 08\/2020 \u2013 Training as a maternal nurse (M\u00fctterpflegerin) and Doula (Dr. med. G. \nWeckmann \u2013 wochenpflege.de)<\/p>\n<p>12\/2021 &#8211; Kursleitung f\u00fcr systemisch-ganzheitliche Babymassage (Institut Sch\u00f6ttler)<br><\/p>\n<p>For more information, please write an email to:<br><a href=\"mailto:kirsten@hey-mum.de\">kirsten@hey-mum.de<\/a><\/p><\/div>\n\t\t\t\t<\/div>\n\t\t\t\t\t\t\t\t<\/div>\n\t\t\t\t\t\t<\/div>\n\t\t\t\t<\/div>\n\t\t\t\t\t<\/div>\n\t\t<\/div>\n\t\t\t\t<div class=\"elementor-column elementor-col-50 elementor-inner-column elementor-element elementor-element-38415b81\" data-id=\"38415b81\" data-element_type=\"column\" data-e-type=\"column\">\n\t\t\t<div class=\"elementor-widget-wrap elementor-element-populated\">\n\t\t\t\t\t\t<div class=\"elementor-element elementor-element-4b3ca229 elementor-widget elementor-widget-heading\" data-id=\"4b3ca229\" data-element_type=\"widget\" data-e-type=\"widget\" data-widget_type=\"heading.default\">\n\t\t\t\t<div class=\"elementor-widget-container\">\n\t\t\t\t\t<h1 class=\"elementor-heading-title elementor-size-default\">Nele G\u00e4tke<\/h1>\t\t\t\t<\/div>\n\t\t\t\t<\/div>\n\t\t\t\t<div class=\"elementor-element elementor-element-72c6a554 elementor-widget elementor-widget-image\" data-id=\"72c6a554\" data-element_type=\"widget\" data-e-type=\"widget\" data-widget_type=\"image.default\">\n\t\t\t\t<div class=\"elementor-widget-container\">\n\t\t\t\t\t\t\t\t\t\t\t\t\t\t\t<img decoding=\"async\" width=\"300\" height=\"300\" src=\"https:\/\/hey-mum.de\/wp-content\/uploads\/2020\/03\/nele-pb02-300x300.png\" class=\"attachment-medium size-medium wp-image-417\" alt=\"\" srcset=\"https:\/\/hey-mum.de\/wp-content\/uploads\/2020\/03\/nele-pb02-300x300.png 300w, https:\/\/hey-mum.de\/wp-content\/uploads\/2020\/03\/nele-pb02-150x150.png 150w, https:\/\/hey-mum.de\/wp-content\/uploads\/2020\/03\/nele-pb02.png 500w\" sizes=\"(max-width: 300px) 100vw, 300px\" \/>\t\t\t\t\t\t\t\t\t\t\t\t\t\t\t<\/div>\n\t\t\t\t<\/div>\n\t\t\t\t<div class=\"elementor-element elementor-element-4a85136 elementor-widget elementor-widget-text-editor\" data-id=\"4a85136\" data-element_type=\"widget\" data-e-type=\"widget\" data-widget_type=\"text-editor.default\">\n\t\t\t\t<div class=\"elementor-widget-container\">\n\t\t\t\t\t\t\t\t\t<p>Hey, my name is Nele and I was born in 1985.\nI am a mother of three amazing children and currently based in Hamburg-Bergedorf.<\/p>\t\t\t\t\t\t\t\t<\/div>\n\t\t\t\t<\/div>\n\t\t\t\t<div class=\"elementor-element elementor-element-7417588c elementor-widget elementor-widget-toggle\" data-id=\"7417588c\" data-element_type=\"widget\" data-e-type=\"widget\" data-widget_type=\"toggle.default\">\n\t\t\t\t<div class=\"elementor-widget-container\">\n\t\t\t\t\t\t\t<div class=\"elementor-toggle\">\n\t\t\t\t\t\t\t<div class=\"elementor-toggle-item\">\n\t\t\t\t\t<div id=\"elementor-tab-title-1941\" class=\"elementor-tab-title\" data-tab=\"1\" role=\"button\" aria-controls=\"elementor-tab-content-1941\" aria-expanded=\"false\">\n\t\t\t\t\t\t\t\t\t\t\t\t<span class=\"elementor-toggle-icon elementor-toggle-icon-left\" aria-hidden=\"true\">\n\t\t\t\t\t\t\t\t\t\t\t\t\t\t\t<span class=\"elementor-toggle-icon-closed\"><i class=\"fas fa-caret-right\"><\/i><\/span>\n\t\t\t\t\t\t\t\t<span class=\"elementor-toggle-icon-opened\"><i class=\"elementor-toggle-icon-opened fas fa-caret-up\"><\/i><\/span>\n\t\t\t\t\t\t\t\t\t\t\t\t\t<\/span>\n\t\t\t\t\t\t\t\t\t\t\t\t<a class=\"elementor-toggle-title\" tabindex=\"0\">Continue Reading<\/a>\n\t\t\t\t\t<\/div>\n\n\t\t\t\t\t<div id=\"elementor-tab-content-1941\" class=\"elementor-tab-content elementor-clearfix\" data-tab=\"1\" role=\"region\" aria-labelledby=\"elementor-tab-title-1941\"><p align=\"justify\">In Spring 2021 I completed my training as a certified maternal nurse (M\u00fctterpflegerin) and doula - with Prof. Dr. Med. G. Weckmann in Hamburg - and I\u2019m looking forward to expand my own store of knowledge and experiences with the new skills.<br>Due to my studies of nutritional sciences and work as a food editor I developed a passion for the nutrition of the mother during and after the pregnancy, breastfeeding and baby food, along with a healthy lifestyle for the whole family.<br>I decided to have children during my time at University and I do not regret starting a family at an early age. <br>\nVery often, the days were exhausting and I had many sleepless nights.\nNevertheless, during the pregnancies, the births and also in the first sensitive time with the newborn baby, I\u2019ve never felt desperate, overwhelmed or afraid.\nThe reason for this is, that I wasn\u2019t on my own and received important support. During the first few days and weeks I was strengthened, cared and cooked for, relieved and advised.<br>My wish for every new mother is a company that allows her to feel safe and put her mind in rest. <br>\nI would like to make this valuable start to motherhood easier for you by being at your side and support you with all my experiences.<\/p>\n<p>Trainings<em>:<\/em><\/p>\n<p>Nutritional sciences (B.Sc.) at the Hamburg University of Applied Sciences<\/p>\n<p>03\/2020 \u2013 02\/2021 \u2013 Training as a maternal nurse (M\u00fctterpflegerin) and Doula (Dr. med. G. Weckmann \u2013 wochenpflege.de)<\/p>\n<p>12\/2021 &#8211; Kursleitung f\u00fcr systemisch-ganzheitliche Babymassage (Institut Sch\u00f6ttler)<\/p>\n<p>For more information, please write an email to:<br><a href=\"mailto:nele@hey-mum.de\">nele@hey-mum.de<\/a><\/p><\/div>\n\t\t\t\t<\/div>\n\t\t\t\t\t\t\t\t<\/div>\n\t\t\t\t\t\t<\/div>\n\t\t\t\t<\/div>\n\t\t\t\t\t<\/div>\n\t\t<\/div>\n\t\t\t\t\t<\/div>\n\t\t<\/section>\n\t\t\t\t\t<\/div>\n\t\t<\/div>\n\t\t\t\t\t<\/div>\n\t\t<\/section>\n\t\t\t\t<\/div>","protected":false},"excerpt":{"rendered":"<p>\u00dcber Uns Kirsten Gerst Hey, ich bin Kirsten, 1980 geboren, verheiratet, Mama von zwei M\u00e4dchen und wohne in Hamburg-Bergedorf. Weiterlesen Meine Ausbildung zur zertifizierten M\u00fctterpflegerin und Doula habe ich bei Frau Prof. Dr. med. G. Weckmann in Hamburg absolviert und im August 2020 erfolgreich abgeschlossen. W\u00e4hrend der Ausbildung habe ich schon viel Praxiserfahrung gesammelt und [&hellip;]<\/p>\n","protected":false},"author":2,"featured_media":0,"parent":0,"menu_order":0,"comment_status":"closed","ping_status":"closed","template":"elementor_canvas","meta":{"_monsterinsights_skip_tracking":false,"_monsterinsights_sitenote_active":false,"_monsterinsights_sitenote_note":"","_monsterinsights_sitenote_category":0,"site-sidebar-layout":"default","site-content-layout":"default","ast-site-content-layout":"","site-content-style":"default","site-sidebar-style":"default","ast-global-header-display":"","ast-banner-title-visibility":"","ast-main-header-display":"","ast-hfb-above-header-display":"","ast-hfb-below-header-display":"","ast-hfb-mobile-header-display":"","site-post-title":"","ast-breadcrumbs-content":"","ast-featured-img":"","footer-sml-layout":"","theme-transparent-header-meta":"default","adv-header-id-meta":"","stick-header-meta":"","header-above-stick-meta":"","header-main-stick-meta":"","header-below-stick-meta":"","astra-migrate-meta-layouts":"default","ast-page-background-enabled":"default","ast-page-background-meta":{"desktop":{"background-color":"","background-image":"","background-repeat":"repeat","background-position":"center center","background-size":"auto","background-attachment":"scroll","background-type":"","background-media":"","overlay-type":"","overlay-color":"","overlay-opacity":"","overlay-gradient":""},"tablet":{"background-color":"","background-image":"","background-repeat":"repeat","background-position":"center center","background-size":"auto","background-attachment":"scroll","background-type":"","background-media":"","overlay-type":"","overlay-color":"","overlay-opacity":"","overlay-gradient":""},"mobile":{"background-color":"","background-image":"","background-repeat":"repeat","background-position":"center center","background-size":"auto","background-attachment":"scroll","background-type":"","background-media":"","overlay-type":"","overlay-color":"","overlay-opacity":"","overlay-gradient":""}},"ast-content-background-meta":{"desktop":{"background-color":"var(--ast-global-color-5)","background-image":"","background-repeat":"repeat","background-position":"center center","background-size":"auto","background-attachment":"scroll","background-type":"","background-media":"","overlay-type":"","overlay-color":"","overlay-opacity":"","overlay-gradient":""},"tablet":{"background-color":"var(--ast-global-color-5)","background-image":"","background-repeat":"repeat","background-position":"center center","background-size":"auto","background-attachment":"scroll","background-type":"","background-media":"","overlay-type":"","overlay-color":"","overlay-opacity":"","overlay-gradient":""},"mobile":{"background-color":"var(--ast-global-color-5)","background-image":"","background-repeat":"repeat","background-position":"center center","background-size":"auto","background-attachment":"scroll","background-type":"","background-media":"","overlay-type":"","overlay-color":"","overlay-opacity":"","overlay-gradient":""}},"footnotes":""},"class_list":["post-135","page","type-page","status-publish","hentry"],"_links":{"self":[{"href":"https:\/\/hey-mum.de\/en\/wp-json\/wp\/v2\/pages\/135","targetHints":{"allow":["GET"]}}],"collection":[{"href":"https:\/\/hey-mum.de\/en\/wp-json\/wp\/v2\/pages"}],"about":[{"href":"https:\/\/hey-mum.de\/en\/wp-json\/wp\/v2\/types\/page"}],"author":[{"embeddable":true,"href":"https:\/\/hey-mum.de\/en\/wp-json\/wp\/v2\/users\/2"}],"replies":[{"embeddable":true,"href":"https:\/\/hey-mum.de\/en\/wp-json\/wp\/v2\/comments?post=135"}],"version-history":[{"count":18,"href":"https:\/\/hey-mum.de\/en\/wp-json\/wp\/v2\/pages\/135\/revisions"}],"predecessor-version":[{"id":3727,"href":"https:\/\/hey-mum.de\/en\/wp-json\/wp\/v2\/pages\/135\/revisions\/3727"}],"wp:attachment":[{"href":"https:\/\/hey-mum.de\/en\/wp-json\/wp\/v2\/media?parent=135"}],"curies":[{"name":"wp","href":"https:\/\/api.w.org\/{rel}","templated":true}]}}